{"id":1981,"date":"2025-02-24T11:08:04","date_gmt":"2025-02-24T10:08:04","guid":{"rendered":"https:\/\/www.nextscalea.com\/?page_id=1981"},"modified":"2025-03-26T11:27:07","modified_gmt":"2025-03-26T10:27:07","slug":"a-propos","status":"publish","type":"page","link":"https:\/\/www.nextscalea.com\/en\/a-propos\/","title":{"rendered":"About"},"content":{"rendered":"<header class=\"wp-block-uagb-container uagb-block-a11f6d7d alignfull uagb-is-root-container\"><div class=\"uagb-container-inner-blocks-wrap\">\n<div data-aos= \"fade\" data-aos-duration=\"400\" data-aos-delay=\"0\" data-aos-easing=\"ease\" data-aos-once=\"true\" class=\"wp-block-uagb-advanced-heading uagb-block-1504ea3c\"><h1 class=\"uagb-heading-text\">A propos de nous<\/h1><p class=\"uagb-desc-text\">Une Agence d\u2019Excellence pour les Cr\u00e9ateurs de Contenu<\/p><\/div>\n<\/div><\/header>\n\n\n\n<div class=\"wp-block-uagb-container uagb-layout-grid uagb-block-e560b6eb alignfull uagb-is-root-container\"><div class=\"uagb-container-inner-blocks-wrap\">\n<div class=\"wp-block-columns is-layout-flex wp-container-core-columns-is-layout-f0342b05 wp-block-columns-is-layout-flex\" style=\"margin-top:0;margin-bottom:0\">\n<div class=\"wp-block-column is-layout-flow wp-block-column-is-layout-flow\" style=\"padding-top:0;padding-right:0;padding-bottom:0;padding-left:0;flex-basis:1180px\">\n<div class=\"wp-block-uagb-image uagb-block-8eabdf46 wp-block-uagb-image--layout-default wp-block-uagb-image--effect-static wp-block-uagb-image--align-none\"><figure class=\"wp-block-uagb-image__figure\"><img decoding=\"async\" srcset=\"https:\/\/www.nextscalea.com\/wp-content\/uploads\/2025\/02\/femme_gauche-e1740387626558-1024x232.jpg ,https:\/\/www.nextscalea.com\/wp-content\/uploads\/2025\/02\/femme_gauche-e1740387626558.jpg 780w, https:\/\/www.nextscalea.com\/wp-content\/uploads\/2025\/02\/femme_gauche-e1740387626558.jpg 360w\" sizes=\"auto, (max-width: 480px) 150px\" src=\"https:\/\/www.nextscalea.com\/wp-content\/uploads\/2025\/02\/femme_gauche-e1740387626558-1024x232.jpg\" alt=\"Une femme de dos se retourne vers la camera dans une rue pi\u00e9tonne d'une ville\" class=\"uag-image-1985\" width=\"1180\" height=\"233\" title=\"femme_gauche\" loading=\"lazy\" role=\"img\"\/><\/figure><\/div>\n\n\n\n<p class=\"has-text-align-center\" style=\"padding-top:var(--wp--preset--spacing--30);padding-right:var(--wp--preset--spacing--30);padding-bottom:var(--wp--preset--spacing--30);padding-left:var(--wp--preset--spacing--30)\">Founded in March 2024 by Maxime, NSA is an innovative agency specializing in supporting and managing content creators, with strong expertise in premium platforms like OnlyFans, MYM, and other monetizable social networks.<\/p>\n\n\n\n<div class=\"wp-block-uagb-separator uagb-block-5ab716c0\"><div class=\"uagb-separator-spacing-wrapper\"><div class=\"wp-block-uagb-separator__inner\" style=\"--my-background-image:\"><\/div><\/div><\/div>\n<\/div>\n<\/div>\n<\/div><\/div>\n\n\n\n<div data-aos= \"fade-down\" data-aos-duration=\"400\" data-aos-delay=\"0\" data-aos-easing=\"ease\" data-aos-once=\"true\" class=\"wp-block-uagb-container uagb-layout-grid uagb-block-52feb23c alignfull uagb-is-root-container\"><div class=\"uagb-container-inner-blocks-wrap\">\n<div class=\"wp-block-columns is-layout-flex wp-container-core-columns-is-layout-73e09c0f wp-block-columns-is-layout-flex\" style=\"margin-top:0;margin-bottom:0;padding-top:0;padding-right:0;padding-bottom:0;padding-left:0\">\n<div class=\"wp-block-column is-layout-flow wp-container-core-column-is-layout-47e5a185 wp-block-column-is-layout-flow\">\n<p style=\"padding-top:var(--wp--preset--spacing--70);padding-bottom:var(--wp--preset--spacing--70)\">Based in the south of France, our agency has quickly established itself as a key player in the industry, reaching over \u20ac50,000 in net revenue in just a few months. This rapid growth is built on our proven methodology, personalized support, and a strategic approach that maximizes our models' profitability while enhancing their brand image.<\/p>\n<\/div>\n\n\n\n<div class=\"wp-block-column is-layout-flow wp-block-column-is-layout-flow\">\n\n<\/div>\n<\/div>\n<\/div><\/div>\n\n\n\n<div class=\"wp-block-uagb-container uagb-layout-grid uagb-block-8401dd1d alignfull uagb-is-root-container\"><div class=\"uagb-container-inner-blocks-wrap\">\n<div class=\"wp-block-columns is-layout-flex wp-container-core-columns-is-layout-73e09c0f wp-block-columns-is-layout-flex\" style=\"margin-top:0;margin-bottom:0;padding-top:0;padding-right:0;padding-bottom:0;padding-left:0\">\n<div class=\"wp-block-column is-layout-flow wp-container-core-column-is-layout-47e5a185 wp-block-column-is-layout-flow\">\n<div class=\"wp-block-uagb-advanced-heading uagb-block-148f04cf\"><h2 class=\"uagb-heading-text\">Turn your content into success<\/h2><\/div>\n\n\n\n<p style=\"padding-top:var(--wp--preset--spacing--20);padding-bottom:var(--wp--preset--spacing--20)\">Our mission is to structure, optimize, and professionalize your online presence to help you generate stable and growing revenue. We don\u2019t just manage an account\u2014we develop a tailor-made strategy adapted to your personality, audience, and financial goals.<\/p>\n\n\n\n<div class=\"wp-block-uagb-separator uagb-block-efc8a061 wp-block-uagb-separator--icon\"><div class=\"wp-block-uagb-separator__inner\" style=\"--my-background-image:\"><div class=\"wp-block-uagb-separator-element\"><svg xmlns=\"https:\/\/www.w3.org\/2000\/svg\" viewbox=\"0 0 384 512\"><path d=\"M64 240C46.33 240 32 225.7 32 208C32 190.3 46.33 176 64 176H92.29C121.9 92.11 201.1 32 296 32H320C337.7 32 352 46.33 352 64C352 81.67 337.7 96 320 96H296C238.1 96 187.8 128.4 162.1 176H288C305.7 176 320 190.3 320 208C320 225.7 305.7 240 288 240H144.2C144.1 242.6 144 245.3 144 248V264C144 266.7 144.1 269.4 144.2 272H288C305.7 272 320 286.3 320 304C320 321.7 305.7 336 288 336H162.1C187.8 383.6 238.1 416 296 416H320C337.7 416 352 430.3 352 448C352 465.7 337.7 480 320 480H296C201.1 480 121.9 419.9 92.29 336H64C46.33 336 32 321.7 32 304C32 286.3 46.33 272 64 272H80.15C80.05 269.3 80 266.7 80 264V248C80 245.3 80.05 242.7 80.15 240H64z\"><\/path><\/svg><\/div><\/div><\/div>\n<\/div>\n<\/div>\n\n\n\n<div class=\"wp-block-uagb-advanced-heading uagb-block-f9919437\"><h2 class=\"uagb-heading-text\">Our services<\/h2><\/div>\n\n\n\n<div class=\"wp-block-columns is-layout-flex wp-container-core-columns-is-layout-73e09c0f wp-block-columns-is-layout-flex\" style=\"margin-top:0;margin-bottom:0;padding-top:0;padding-right:0;padding-bottom:0;padding-left:0\">\n<div class=\"wp-block-column is-layout-flow wp-container-core-column-is-layout-47e5a185 wp-block-column-is-layout-flow\">\n<ul class=\"wp-block-list\">\n<li>Complete platform management (OnlyFans, MYM, TikTok, etc.)<\/li>\n\n\n\n<li>Content strategy and creation of an optimized monetization funnel.<\/li>\n\n\n\n<li>Support in creating and editing content (photo, video, reels, stories)<\/li>\n\n\n\n<li>Optimizing pricing and messaging to maximize private sales<\/li>\n\n\n\n<li>Fanbase growth through advanced digital marketing methods<\/li>\n\n\n\n<li>Customer support management and personalized interactions with subscribers<\/li>\n<\/ul>\n<\/div>\n\n\n\n<div class=\"wp-block-column is-layout-flow wp-block-column-is-layout-flow\">\n<div data-aos= \"slide-left\" data-aos-duration=\"400\" data-aos-delay=\"0\" data-aos-easing=\"ease\" data-aos-once=\"true\" class=\"wp-block-uagb-image uagb-block-09d5a63a wp-block-uagb-image--layout-default wp-block-uagb-image--effect-zoomin wp-block-uagb-image--align-none\"><figure class=\"wp-block-uagb-image__figure\"><img decoding=\"async\" srcset=\"https:\/\/www.nextscalea.com\/wp-content\/uploads\/2025\/02\/logo-networks-1.png ,https:\/\/www.nextscalea.com\/wp-content\/uploads\/2025\/02\/logo-networks-1.png 780w, https:\/\/www.nextscalea.com\/wp-content\/uploads\/2025\/02\/logo-networks-1.png 360w\" sizes=\"auto, (max-width: 480px) 150px\" src=\"https:\/\/www.nextscalea.com\/wp-content\/uploads\/2025\/02\/logo-networks-1.png\" alt=\"Logo Instagram, Onlyfan et MYM\" class=\"uag-image-1990\" width=\"1024\" height=\"574\" title=\"logo networks\" loading=\"lazy\" role=\"img\"\/><\/figure><\/div>\n<\/div>\n<\/div>\n<\/div><\/div>\n\n\n\n<div class=\"wp-block-uagb-advanced-heading uagb-block-86b467c8\"><h4 class=\"uagb-heading-text\">Each client benefits from personalized support and 24\/7 access to our expertise, ensuring continuous growth for their business.<\/h4><\/div>\n\n\n\n<div class=\"wp-block-uagb-separator uagb-block-e44832c6 wp-block-uagb-separator--icon\"><div class=\"uagb-separator-spacing-wrapper\"><div class=\"wp-block-uagb-separator__inner\" style=\"--my-background-image:\"><div class=\"wp-block-uagb-separator-element\"><svg xmlns=\"https:\/\/www.w3.org\/2000\/svg\" viewbox=\"0 0 640 512\"><path d=\"M334.6 217.4l-30 27.49C264 282.1 217.8 256.8 202.9 240.6C176 211.2 178.1 165.7 207.3 138.9L289.1 64H282.5C224.7 64 169.1 86.95 128.2 127.8L32 128.1c-17.6 0-32 14.39-32 31.98v159.8c0 17.59 14.4 32.04 31.1 32.04l114.3-.0604l90.5 81.82c27.5 22.37 67.75 18.11 90-9.255l18.12 15.25c15.88 12.1 39.38 10.5 52.38-5.369l31.38-38.6l5.374 4.498c13.75 11 33.88 9.002 45-4.748l9.576-11.83c11.08-13.7 8.979-33.75-4.701-44.86L334.6 217.4zM608 128.1l-96-.1257c-40.98-40.96-96.56-63.88-154.5-63.88L348.9 64c-8 0-15.62 3.197-21.62 8.568L229 162.3C228.9 162.5 228.8 162.7 228.8 162.7C212 178.5 212.4 203.3 226.6 218.7c9.625 10.5 35 21.62 56.13 2.75c0-.125 .25-.125 .375-.25l80-73.1c6.5-5.871 16.62-5.496 22.62 1s5.5 16.62-1 22.62l-26.12 23.87l145.6 118.1c12.12 9.992 19.5 23.49 22.12 37.98L608 351.7c17.6 0 32-14.38 32-31.98V160.1C640 142.4 625.7 128.1 608 128.1z\"><\/path><\/svg><\/div><\/div><\/div><\/div>\n\n\n\n<div class=\"wp-block-uagb-container uagb-block-a5734ae5 alignfull uagb-is-root-container\"><div class=\"uagb-container-inner-blocks-wrap\">\n<div class=\"wp-block-uagb-container uagb-block-ec54edde\">\n<div class=\"wp-block-uagb-advanced-heading uagb-block-9fd49796\"><h2 class=\"uagb-heading-text\">Our Results Speak for Themselves<\/h2><p class=\"uagb-desc-text\">In just a few months, NSA has generated over \u20ac50,000 in net revenue and has helped multiple creators achieve financial independence by optimizing their earnings and visibility.<\/p><\/div>\n<\/div>\n<\/div><\/div>\n\n\n\n<div class=\"wp-block-uagb-container uagb-block-48655efb alignfull uagb-is-root-container\"><div class=\"uagb-container-inner-blocks-wrap\">\n<div class=\"wp-block-uagb-info-box uagb-block-ae466c10 uagb-infobox__content-wrap  uagb-infobox-icon-above-title uagb-infobox-image-valign-top\"><div class=\"uagb-ifb-content\"><div class=\"uagb-ifb-title-wrap\"><h3 class=\"uagb-ifb-title\">Ready to monetize your content?<\/h3><\/div><p class=\"uagb-ifb-desc\">Join NSA today and turn your audience into a stable and growing source of income.<\/p><div class=\"uagb-ifb-button-wrapper wp-block-button\"><a href=\"https:\/\/www.nextscalea.com\/en\/contact\/\" class=\"uagb-infobox-cta-link wp-block-button__link\" target=\"_self\" rel=\"noopener noreferrer\" onclick=\"return true;\"><span class=\"uagb-inline-editing\">Contact-us<\/span><\/a><\/div><\/div><\/div>\n<\/div><\/div>\n\n\n\n<p><\/p>","protected":false},"excerpt":{"rendered":"<p>A propos de nous Une Agence d\u2019Excellence pour les Cr\u00e9ateurs de Contenu Fond\u00e9e en mars 2024, par Maxime, NSA est une agence innovante sp\u00e9cialis\u00e9e dans l\u2019accompagnement et la gestion de cr\u00e9ateurs de contenu, avec une expertise affirm\u00e9e sur les plateformes premium comme OnlyFans, MYM et autres r\u00e9seaux sociaux mon\u00e9tisables. Bas\u00e9e dans le sud de la [&hellip;]<\/p>","protected":false},"author":2,"featured_media":0,"parent":0,"menu_order":0,"comment_status":"closed","ping_status":"closed","template":"","meta":{"_uag_custom_page_level_css":"","site-sidebar-layout":"no-sidebar","site-content-layout":"","ast-site-content-layout":"full-width-container","site-content-style":"default","site-sidebar-style":"default","ast-global-header-display":"","ast-banner-title-visibility":"disabled","ast-main-header-display":"","ast-hfb-above-header-display":"","ast-hfb-below-header-display":"","ast-hfb-mobile-header-display":"","site-post-title":"disabled","ast-breadcrumbs-content":"","ast-featured-img":"","footer-sml-layout":"","ast-disable-related-posts":"","theme-transparent-header-meta":"enabled","adv-header-id-meta":"","stick-header-meta":"","header-above-stick-meta":"","header-main-stick-meta":"","header-below-stick-meta":"","astra-migrate-meta-layouts":"set","ast-page-background-enabled":"default","ast-page-background-meta":{"desktop":{"background-color":"var(--ast-global-color-4)","background-image":"","background-repeat":"repeat","background-position":"center center","background-size":"auto","background-attachment":"scroll","background-type":"","background-media":"","overlay-type":"","overlay-color":"","overlay-opacity":"","overlay-gradient":""},"tablet":{"background-color":"","background-image":"","background-repeat":"repeat","background-position":"center center","background-size":"auto","background-attachment":"scroll","background-type":"","background-media":"","overlay-type":"","overlay-color":"","overlay-opacity":"","overlay-gradient":""},"mobile":{"background-color":"","background-image":"","background-repeat":"repeat","background-position":"center center","background-size":"auto","background-attachment":"scroll","background-type":"","background-media":"","overlay-type":"","overlay-color":"","overlay-opacity":"","overlay-gradient":""}},"ast-content-background-meta":{"desktop":{"background-color":"var(--ast-global-color-5)","background-image":"","background-repeat":"repeat","background-position":"center center","background-size":"auto","background-attachment":"scroll","background-type":"","background-media":"","overlay-type":"","overlay-color":"","overlay-opacity":"","overlay-gradient":""},"tablet":{"background-color":"var(--ast-global-color-5)","background-image":"","background-repeat":"repeat","background-position":"center center","background-size":"auto","background-attachment":"scroll","background-type":"","background-media":"","overlay-type":"","overlay-color":"","overlay-opacity":"","overlay-gradient":""},"mobile":{"background-color":"var(--ast-global-color-5)","background-image":"","background-repeat":"repeat","background-position":"center center","background-size":"auto","background-attachment":"scroll","background-type":"","background-media":"","overlay-type":"","overlay-color":"","overlay-opacity":"","overlay-gradient":""}},"footnotes":""},"class_list":["post-1981","page","type-page","status-publish","hentry"],"yoast_head":"<!-- This site is optimized with the Yoast SEO plugin v26.8 - https:\/\/yoast.com\/product\/yoast-seo-wordpress\/ -->\n<title>A Propos - Next Scale Agency<\/title>\n<meta name=\"description\" content=\"Next Scale Agency est une agence experte en gestion et management de comptes OnlyFans et MYM. D\u00e9couvrez notre approche unique pour aider\" \/>\n<meta name=\"robots\" content=\"index, follow, max-snippet:-1, max-image-preview:large, max-video-preview:-1\" \/>\n<link rel=\"canonical\" href=\"https:\/\/www.nextscalea.com\/en\/a-propos\/\" \/>\n<meta property=\"og:locale\" content=\"en_US\" \/>\n<meta property=\"og:type\" content=\"article\" \/>\n<meta property=\"og:title\" content=\"A Propos - Next Scale Agency\" \/>\n<meta property=\"og:description\" content=\"Next Scale Agency est une agence experte en gestion et management de comptes OnlyFans et MYM. D\u00e9couvrez notre approche unique pour aider\" \/>\n<meta property=\"og:url\" content=\"https:\/\/www.nextscalea.com\/en\/a-propos\/\" \/>\n<meta property=\"og:site_name\" content=\"Next Scale Agency\" \/>\n<meta property=\"article:modified_time\" content=\"2025-03-26T10:27:07+00:00\" \/>\n<meta property=\"og:image\" content=\"https:\/\/www.nextscalea.com\/wp-content\/uploads\/2025\/02\/femme_gauche-e1740387626558-1024x232.jpg\" \/>\n<meta name=\"twitter:card\" content=\"summary_large_image\" \/>\n<meta name=\"twitter:label1\" content=\"Est. reading time\" \/>\n\t<meta name=\"twitter:data1\" content=\"2 minutes\" \/>\n<script type=\"application\/ld+json\" class=\"yoast-schema-graph\">{\"@context\":\"https:\/\/schema.org\",\"@graph\":[{\"@type\":\"WebPage\",\"@id\":\"https:\/\/www.nextscalea.com\/a-propos\/\",\"url\":\"https:\/\/www.nextscalea.com\/a-propos\/\",\"name\":\"A Propos - Next Scale Agency\",\"isPartOf\":{\"@id\":\"https:\/\/www.nextscalea.com\/#website\"},\"primaryImageOfPage\":{\"@id\":\"https:\/\/www.nextscalea.com\/a-propos\/#primaryimage\"},\"image\":{\"@id\":\"https:\/\/www.nextscalea.com\/a-propos\/#primaryimage\"},\"thumbnailUrl\":\"https:\/\/www.nextscalea.com\/wp-content\/uploads\/2025\/02\/femme_gauche-e1740387626558-1024x232.jpg\",\"datePublished\":\"2025-02-24T10:08:04+00:00\",\"dateModified\":\"2025-03-26T10:27:07+00:00\",\"description\":\"Next Scale Agency est une agence experte en gestion et management de comptes OnlyFans et MYM. D\u00e9couvrez notre approche unique pour aider\",\"breadcrumb\":{\"@id\":\"https:\/\/www.nextscalea.com\/a-propos\/#breadcrumb\"},\"inLanguage\":\"en-US\",\"potentialAction\":[{\"@type\":\"ReadAction\",\"target\":[\"https:\/\/www.nextscalea.com\/a-propos\/\"]}]},{\"@type\":\"ImageObject\",\"inLanguage\":\"en-US\",\"@id\":\"https:\/\/www.nextscalea.com\/a-propos\/#primaryimage\",\"url\":\"https:\/\/www.nextscalea.com\/wp-content\/uploads\/2025\/02\/femme_gauche-e1740387626558-1024x232.jpg\",\"contentUrl\":\"https:\/\/www.nextscalea.com\/wp-content\/uploads\/2025\/02\/femme_gauche-e1740387626558-1024x232.jpg\"},{\"@type\":\"BreadcrumbList\",\"@id\":\"https:\/\/www.nextscalea.com\/a-propos\/#breadcrumb\",\"itemListElement\":[{\"@type\":\"ListItem\",\"position\":1,\"name\":\"Accueil\",\"item\":\"https:\/\/www.nextscalea.com\/\"},{\"@type\":\"ListItem\",\"position\":2,\"name\":\"A Propos\"}]},{\"@type\":\"WebSite\",\"@id\":\"https:\/\/www.nextscalea.com\/#website\",\"url\":\"https:\/\/www.nextscalea.com\/\",\"name\":\"Next Scale Agency\",\"description\":\"Management de compte onlyfan\",\"publisher\":{\"@id\":\"https:\/\/www.nextscalea.com\/#organization\"},\"alternateName\":\"NSA\",\"potentialAction\":[{\"@type\":\"SearchAction\",\"target\":{\"@type\":\"EntryPoint\",\"urlTemplate\":\"https:\/\/www.nextscalea.com\/?s={search_term_string}\"},\"query-input\":{\"@type\":\"PropertyValueSpecification\",\"valueRequired\":true,\"valueName\":\"search_term_string\"}}],\"inLanguage\":\"en-US\"},{\"@type\":\"Organization\",\"@id\":\"https:\/\/www.nextscalea.com\/#organization\",\"name\":\"Next Scale Agency\",\"alternateName\":\"NSA\",\"url\":\"https:\/\/www.nextscalea.com\/\",\"logo\":{\"@type\":\"ImageObject\",\"inLanguage\":\"en-US\",\"@id\":\"https:\/\/www.nextscalea.com\/#\/schema\/logo\/image\/\",\"url\":\"https:\/\/www.nextscalea.com\/wp-content\/uploads\/2025\/02\/cropped-Logo_bw-1.jpg\",\"contentUrl\":\"https:\/\/www.nextscalea.com\/wp-content\/uploads\/2025\/02\/cropped-Logo_bw-1.jpg\",\"width\":1189,\"height\":397,\"caption\":\"Next Scale Agency\"},\"image\":{\"@id\":\"https:\/\/www.nextscalea.com\/#\/schema\/logo\/image\/\"},\"sameAs\":[\"https:\/\/www.instagram.com\/nsagencyof\/\"]}]}<\/script>\n<!-- \/ Yoast SEO plugin. -->","yoast_head_json":{"title":"A Propos - Next Scale Agency","description":"Next Scale Agency est une agence experte en gestion et management de comptes OnlyFans et MYM. D\u00e9couvrez notre approche unique pour aider","robots":{"index":"index","follow":"follow","max-snippet":"max-snippet:-1","max-image-preview":"max-image-preview:large","max-video-preview":"max-video-preview:-1"},"canonical":"https:\/\/www.nextscalea.com\/en\/a-propos\/","og_locale":"en_US","og_type":"article","og_title":"A Propos - Next Scale Agency","og_description":"Next Scale Agency est une agence experte en gestion et management de comptes OnlyFans et MYM. D\u00e9couvrez notre approche unique pour aider","og_url":"https:\/\/www.nextscalea.com\/en\/a-propos\/","og_site_name":"Next Scale Agency","article_modified_time":"2025-03-26T10:27:07+00:00","og_image":[{"url":"https:\/\/www.nextscalea.com\/wp-content\/uploads\/2025\/02\/femme_gauche-e1740387626558-1024x232.jpg","type":"","width":"","height":""}],"twitter_card":"summary_large_image","twitter_misc":{"Est. reading time":"2 minutes"},"schema":{"@context":"https:\/\/schema.org","@graph":[{"@type":"WebPage","@id":"https:\/\/www.nextscalea.com\/a-propos\/","url":"https:\/\/www.nextscalea.com\/a-propos\/","name":"A Propos - Next Scale Agency","isPartOf":{"@id":"https:\/\/www.nextscalea.com\/#website"},"primaryImageOfPage":{"@id":"https:\/\/www.nextscalea.com\/a-propos\/#primaryimage"},"image":{"@id":"https:\/\/www.nextscalea.com\/a-propos\/#primaryimage"},"thumbnailUrl":"https:\/\/www.nextscalea.com\/wp-content\/uploads\/2025\/02\/femme_gauche-e1740387626558-1024x232.jpg","datePublished":"2025-02-24T10:08:04+00:00","dateModified":"2025-03-26T10:27:07+00:00","description":"Next Scale Agency est une agence experte en gestion et management de comptes OnlyFans et MYM. D\u00e9couvrez notre approche unique pour aider","breadcrumb":{"@id":"https:\/\/www.nextscalea.com\/a-propos\/#breadcrumb"},"inLanguage":"en-US","potentialAction":[{"@type":"ReadAction","target":["https:\/\/www.nextscalea.com\/a-propos\/"]}]},{"@type":"ImageObject","inLanguage":"en-US","@id":"https:\/\/www.nextscalea.com\/a-propos\/#primaryimage","url":"https:\/\/www.nextscalea.com\/wp-content\/uploads\/2025\/02\/femme_gauche-e1740387626558-1024x232.jpg","contentUrl":"https:\/\/www.nextscalea.com\/wp-content\/uploads\/2025\/02\/femme_gauche-e1740387626558-1024x232.jpg"},{"@type":"BreadcrumbList","@id":"https:\/\/www.nextscalea.com\/a-propos\/#breadcrumb","itemListElement":[{"@type":"ListItem","position":1,"name":"Accueil","item":"https:\/\/www.nextscalea.com\/"},{"@type":"ListItem","position":2,"name":"A Propos"}]},{"@type":"WebSite","@id":"https:\/\/www.nextscalea.com\/#website","url":"https:\/\/www.nextscalea.com\/","name":"Next Scale Agency","description":"Management de compte onlyfan","publisher":{"@id":"https:\/\/www.nextscalea.com\/#organization"},"alternateName":"NSA","potentialAction":[{"@type":"SearchAction","target":{"@type":"EntryPoint","urlTemplate":"https:\/\/www.nextscalea.com\/?s={search_term_string}"},"query-input":{"@type":"PropertyValueSpecification","valueRequired":true,"valueName":"search_term_string"}}],"inLanguage":"en-US"},{"@type":"Organization","@id":"https:\/\/www.nextscalea.com\/#organization","name":"Next Scale Agency","alternateName":"NSA","url":"https:\/\/www.nextscalea.com\/","logo":{"@type":"ImageObject","inLanguage":"en-US","@id":"https:\/\/www.nextscalea.com\/#\/schema\/logo\/image\/","url":"https:\/\/www.nextscalea.com\/wp-content\/uploads\/2025\/02\/cropped-Logo_bw-1.jpg","contentUrl":"https:\/\/www.nextscalea.com\/wp-content\/uploads\/2025\/02\/cropped-Logo_bw-1.jpg","width":1189,"height":397,"caption":"Next Scale Agency"},"image":{"@id":"https:\/\/www.nextscalea.com\/#\/schema\/logo\/image\/"},"sameAs":["https:\/\/www.instagram.com\/nsagencyof\/"]}]}},"uagb_featured_image_src":{"full":false,"thumbnail":false,"medium":false,"medium_large":false,"large":false,"1536x1536":false,"2048x2048":false,"trp-custom-language-flag":false},"uagb_author_info":{"display_name":"Alexandre Bianchi","author_link":"https:\/\/www.nextscalea.com\/en\/author\/billytheclic\/"},"uagb_comment_info":0,"uagb_excerpt":"A propos de nous Une Agence d\u2019Excellence pour les Cr\u00e9ateurs de Contenu Fond\u00e9e en mars 2024, par Maxime, NSA est une agence innovante sp\u00e9cialis\u00e9e dans l\u2019accompagnement et la gestion de cr\u00e9ateurs de contenu, avec une expertise affirm\u00e9e sur les plateformes premium comme OnlyFans, MYM et autres r\u00e9seaux sociaux mon\u00e9tisables. Bas\u00e9e dans le sud de la&hellip;","_links":{"self":[{"href":"https:\/\/www.nextscalea.com\/en\/wp-json\/wp\/v2\/pages\/1981","targetHints":{"allow":["GET"]}}],"collection":[{"href":"https:\/\/www.nextscalea.com\/en\/wp-json\/wp\/v2\/pages"}],"about":[{"href":"https:\/\/www.nextscalea.com\/en\/wp-json\/wp\/v2\/types\/page"}],"author":[{"embeddable":true,"href":"https:\/\/www.nextscalea.com\/en\/wp-json\/wp\/v2\/users\/2"}],"replies":[{"embeddable":true,"href":"https:\/\/www.nextscalea.com\/en\/wp-json\/wp\/v2\/comments?post=1981"}],"version-history":[{"count":25,"href":"https:\/\/www.nextscalea.com\/en\/wp-json\/wp\/v2\/pages\/1981\/revisions"}],"predecessor-version":[{"id":2061,"href":"https:\/\/www.nextscalea.com\/en\/wp-json\/wp\/v2\/pages\/1981\/revisions\/2061"}],"wp:attachment":[{"href":"https:\/\/www.nextscalea.com\/en\/wp-json\/wp\/v2\/media?parent=1981"}],"curies":[{"name":"wp","href":"https:\/\/api.w.org\/{rel}","templated":true}]}}