{"id":1821,"date":"2025-02-14T17:19:51","date_gmt":"2025-02-14T16:19:51","guid":{"rendered":"https:\/\/www.nextscalea.com\/?page_id=1821"},"modified":"2025-02-27T20:36:05","modified_gmt":"2025-02-27T19:36:05","slug":"nos-modeles","status":"publish","type":"page","link":"https:\/\/www.nextscalea.com\/en\/nos-modeles\/","title":{"rendered":"Our models"},"content":{"rendered":"<div class=\"wp-block-uagb-container uagb-block-972e442e alignfull uagb-is-root-container\"><div class=\"uagb-container-inner-blocks-wrap\">\n<p style=\"margin-top:0px;margin-right:0px;margin-bottom:0px;margin-left:0px;padding-top:0px;padding-right:0px;padding-bottom:0px;padding-left:0px\"><\/p>\n<\/div><\/div>","protected":false},"excerpt":{"rendered":"","protected":false},"author":2,"featured_media":0,"parent":0,"menu_order":0,"comment_status":"closed","ping_status":"closed","template":"","meta":{"_uag_custom_page_level_css":"","site-sidebar-layout":"default","site-content-layout":"","ast-site-content-layout":"default","site-content-style":"default","site-sidebar-style":"default","ast-global-header-display":"","ast-banner-title-visibility":"","ast-main-header-display":"","ast-hfb-above-header-display":"","ast-hfb-below-header-display":"","ast-hfb-mobile-header-display":"","site-post-title":"disabled","ast-breadcrumbs-content":"","ast-featured-img":"","footer-sml-layout":"","ast-disable-related-posts":"","theme-transparent-header-meta":"","adv-header-id-meta":"","stick-header-meta":"","header-above-stick-meta":"","header-main-stick-meta":"","header-below-stick-meta":"","astra-migrate-meta-layouts":"set","ast-page-background-enabled":"default","ast-page-background-meta":{"desktop":{"background-color":"var(--ast-global-color-4)","background-image":"","background-repeat":"repeat","background-position":"center center","background-size":"auto","background-attachment":"scroll","background-type":"","background-media":"","overlay-type":"","overlay-color":"","overlay-opacity":"","overlay-gradient":""},"tablet":{"background-color":"","background-image":"","background-repeat":"repeat","background-position":"center center","background-size":"auto","background-attachment":"scroll","background-type":"","background-media":"","overlay-type":"","overlay-color":"","overlay-opacity":"","overlay-gradient":""},"mobile":{"background-color":"","background-image":"","background-repeat":"repeat","background-position":"center center","background-size":"auto","background-attachment":"scroll","background-type":"","background-media":"","overlay-type":"","overlay-color":"","overlay-opacity":"","overlay-gradient":""}},"ast-content-background-meta":{"desktop":{"background-color":"var(--ast-global-color-5)","background-image":"","background-repeat":"repeat","background-position":"center center","background-size":"auto","background-attachment":"scroll","background-type":"","background-media":"","overlay-type":"","overlay-color":"","overlay-opacity":"","overlay-gradient":""},"tablet":{"background-color":"var(--ast-global-color-5)","background-image":"","background-repeat":"repeat","background-position":"center center","background-size":"auto","background-attachment":"scroll","background-type":"","background-media":"","overlay-type":"","overlay-color":"","overlay-opacity":"","overlay-gradient":""},"mobile":{"background-color":"var(--ast-global-color-5)","background-image":"","background-repeat":"repeat","background-position":"center center","background-size":"auto","background-attachment":"scroll","background-type":"","background-media":"","overlay-type":"","overlay-color":"","overlay-opacity":"","overlay-gradient":""}},"footnotes":""},"class_list":["post-1821","page","type-page","status-publish","hentry"],"yoast_head":"<!-- This site is optimized with the Yoast SEO plugin v26.8 - https:\/\/yoast.com\/product\/yoast-seo-wordpress\/ -->\n<title>Nos mod\u00e8les - Next Scale Agency<\/title>\n<meta name=\"description\" content=\"D\u00e9couvrez les cr\u00e9ateurs et mod\u00e8les accompagn\u00e9s par Next Scale Agency. Profitez d\u2019un management OnlyFans et MYM sur mesure pour d\u00e9velopper votre audience.\" \/>\n<meta name=\"robots\" content=\"index, follow, max-snippet:-1, max-image-preview:large, max-video-preview:-1\" \/>\n<link rel=\"canonical\" href=\"https:\/\/www.nextscalea.com\/en\/nos-modeles\/\" \/>\n<meta property=\"og:locale\" content=\"en_US\" \/>\n<meta property=\"og:type\" content=\"article\" \/>\n<meta property=\"og:title\" content=\"Nos mod\u00e8les - Next Scale Agency\" \/>\n<meta property=\"og:description\" content=\"D\u00e9couvrez les cr\u00e9ateurs et mod\u00e8les accompagn\u00e9s par Next Scale Agency. Profitez d\u2019un management OnlyFans et MYM sur mesure pour d\u00e9velopper votre audience.\" \/>\n<meta property=\"og:url\" content=\"https:\/\/www.nextscalea.com\/en\/nos-modeles\/\" \/>\n<meta property=\"og:site_name\" content=\"Next Scale Agency\" \/>\n<meta property=\"article:modified_time\" content=\"2025-02-27T19:36:05+00:00\" \/>\n<meta name=\"twitter:card\" content=\"summary_large_image\" \/>\n<meta name=\"twitter:label1\" content=\"Est. reading time\" \/>\n\t<meta name=\"twitter:data1\" content=\"1 minute\" \/>\n<script type=\"application\/ld+json\" class=\"yoast-schema-graph\">{\"@context\":\"https:\/\/schema.org\",\"@graph\":[{\"@type\":\"WebPage\",\"@id\":\"https:\/\/www.nextscalea.com\/nos-modeles\/\",\"url\":\"https:\/\/www.nextscalea.com\/nos-modeles\/\",\"name\":\"Nos mod\u00e8les - Next Scale Agency\",\"isPartOf\":{\"@id\":\"https:\/\/www.nextscalea.com\/#website\"},\"datePublished\":\"2025-02-14T16:19:51+00:00\",\"dateModified\":\"2025-02-27T19:36:05+00:00\",\"description\":\"D\u00e9couvrez les cr\u00e9ateurs et mod\u00e8les accompagn\u00e9s par Next Scale Agency. Profitez d\u2019un management OnlyFans et MYM sur mesure pour d\u00e9velopper votre audience.\",\"breadcrumb\":{\"@id\":\"https:\/\/www.nextscalea.com\/nos-modeles\/#breadcrumb\"},\"inLanguage\":\"en-US\",\"potentialAction\":[{\"@type\":\"ReadAction\",\"target\":[\"https:\/\/www.nextscalea.com\/nos-modeles\/\"]}]},{\"@type\":\"BreadcrumbList\",\"@id\":\"https:\/\/www.nextscalea.com\/nos-modeles\/#breadcrumb\",\"itemListElement\":[{\"@type\":\"ListItem\",\"position\":1,\"name\":\"Accueil\",\"item\":\"https:\/\/www.nextscalea.com\/\"},{\"@type\":\"ListItem\",\"position\":2,\"name\":\"Nos mod\u00e8les\"}]},{\"@type\":\"WebSite\",\"@id\":\"https:\/\/www.nextscalea.com\/#website\",\"url\":\"https:\/\/www.nextscalea.com\/\",\"name\":\"Next Scale Agency\",\"description\":\"Management de compte onlyfan\",\"publisher\":{\"@id\":\"https:\/\/www.nextscalea.com\/#organization\"},\"alternateName\":\"NSA\",\"potentialAction\":[{\"@type\":\"SearchAction\",\"target\":{\"@type\":\"EntryPoint\",\"urlTemplate\":\"https:\/\/www.nextscalea.com\/?s={search_term_string}\"},\"query-input\":{\"@type\":\"PropertyValueSpecification\",\"valueRequired\":true,\"valueName\":\"search_term_string\"}}],\"inLanguage\":\"en-US\"},{\"@type\":\"Organization\",\"@id\":\"https:\/\/www.nextscalea.com\/#organization\",\"name\":\"Next Scale Agency\",\"alternateName\":\"NSA\",\"url\":\"https:\/\/www.nextscalea.com\/\",\"logo\":{\"@type\":\"ImageObject\",\"inLanguage\":\"en-US\",\"@id\":\"https:\/\/www.nextscalea.com\/#\/schema\/logo\/image\/\",\"url\":\"https:\/\/www.nextscalea.com\/wp-content\/uploads\/2025\/02\/cropped-Logo_bw-1.jpg\",\"contentUrl\":\"https:\/\/www.nextscalea.com\/wp-content\/uploads\/2025\/02\/cropped-Logo_bw-1.jpg\",\"width\":1189,\"height\":397,\"caption\":\"Next Scale Agency\"},\"image\":{\"@id\":\"https:\/\/www.nextscalea.com\/#\/schema\/logo\/image\/\"},\"sameAs\":[\"https:\/\/www.instagram.com\/nsagencyof\/\"]}]}<\/script>\n<!-- \/ Yoast SEO plugin. -->","yoast_head_json":{"title":"Nos mod\u00e8les - Next Scale Agency","description":"D\u00e9couvrez les cr\u00e9ateurs et mod\u00e8les accompagn\u00e9s par Next Scale Agency. Profitez d\u2019un management OnlyFans et MYM sur mesure pour d\u00e9velopper votre audience.","robots":{"index":"index","follow":"follow","max-snippet":"max-snippet:-1","max-image-preview":"max-image-preview:large","max-video-preview":"max-video-preview:-1"},"canonical":"https:\/\/www.nextscalea.com\/en\/nos-modeles\/","og_locale":"en_US","og_type":"article","og_title":"Nos mod\u00e8les - Next Scale Agency","og_description":"D\u00e9couvrez les cr\u00e9ateurs et mod\u00e8les accompagn\u00e9s par Next Scale Agency. Profitez d\u2019un management OnlyFans et MYM sur mesure pour d\u00e9velopper votre audience.","og_url":"https:\/\/www.nextscalea.com\/en\/nos-modeles\/","og_site_name":"Next Scale Agency","article_modified_time":"2025-02-27T19:36:05+00:00","twitter_card":"summary_large_image","twitter_misc":{"Est. reading time":"1 minute"},"schema":{"@context":"https:\/\/schema.org","@graph":[{"@type":"WebPage","@id":"https:\/\/www.nextscalea.com\/nos-modeles\/","url":"https:\/\/www.nextscalea.com\/nos-modeles\/","name":"Nos mod\u00e8les - Next Scale Agency","isPartOf":{"@id":"https:\/\/www.nextscalea.com\/#website"},"datePublished":"2025-02-14T16:19:51+00:00","dateModified":"2025-02-27T19:36:05+00:00","description":"D\u00e9couvrez les cr\u00e9ateurs et mod\u00e8les accompagn\u00e9s par Next Scale Agency. Profitez d\u2019un management OnlyFans et MYM sur mesure pour d\u00e9velopper votre audience.","breadcrumb":{"@id":"https:\/\/www.nextscalea.com\/nos-modeles\/#breadcrumb"},"inLanguage":"en-US","potentialAction":[{"@type":"ReadAction","target":["https:\/\/www.nextscalea.com\/nos-modeles\/"]}]},{"@type":"BreadcrumbList","@id":"https:\/\/www.nextscalea.com\/nos-modeles\/#breadcrumb","itemListElement":[{"@type":"ListItem","position":1,"name":"Accueil","item":"https:\/\/www.nextscalea.com\/"},{"@type":"ListItem","position":2,"name":"Nos mod\u00e8les"}]},{"@type":"WebSite","@id":"https:\/\/www.nextscalea.com\/#website","url":"https:\/\/www.nextscalea.com\/","name":"Next Scale Agency","description":"Management de compte onlyfan","publisher":{"@id":"https:\/\/www.nextscalea.com\/#organization"},"alternateName":"NSA","potentialAction":[{"@type":"SearchAction","target":{"@type":"EntryPoint","urlTemplate":"https:\/\/www.nextscalea.com\/?s={search_term_string}"},"query-input":{"@type":"PropertyValueSpecification","valueRequired":true,"valueName":"search_term_string"}}],"inLanguage":"en-US"},{"@type":"Organization","@id":"https:\/\/www.nextscalea.com\/#organization","name":"Next Scale Agency","alternateName":"NSA","url":"https:\/\/www.nextscalea.com\/","logo":{"@type":"ImageObject","inLanguage":"en-US","@id":"https:\/\/www.nextscalea.com\/#\/schema\/logo\/image\/","url":"https:\/\/www.nextscalea.com\/wp-content\/uploads\/2025\/02\/cropped-Logo_bw-1.jpg","contentUrl":"https:\/\/www.nextscalea.com\/wp-content\/uploads\/2025\/02\/cropped-Logo_bw-1.jpg","width":1189,"height":397,"caption":"Next Scale Agency"},"image":{"@id":"https:\/\/www.nextscalea.com\/#\/schema\/logo\/image\/"},"sameAs":["https:\/\/www.instagram.com\/nsagencyof\/"]}]}},"uagb_featured_image_src":{"full":false,"thumbnail":false,"medium":false,"medium_large":false,"large":false,"1536x1536":false,"2048x2048":false,"trp-custom-language-flag":false},"uagb_author_info":{"display_name":"Alexandre Bianchi","author_link":"https:\/\/www.nextscalea.com\/en\/author\/billytheclic\/"},"uagb_comment_info":0,"uagb_excerpt":null,"_links":{"self":[{"href":"https:\/\/www.nextscalea.com\/en\/wp-json\/wp\/v2\/pages\/1821","targetHints":{"allow":["GET"]}}],"collection":[{"href":"https:\/\/www.nextscalea.com\/en\/wp-json\/wp\/v2\/pages"}],"about":[{"href":"https:\/\/www.nextscalea.com\/en\/wp-json\/wp\/v2\/types\/page"}],"author":[{"embeddable":true,"href":"https:\/\/www.nextscalea.com\/en\/wp-json\/wp\/v2\/users\/2"}],"replies":[{"embeddable":true,"href":"https:\/\/www.nextscalea.com\/en\/wp-json\/wp\/v2\/comments?post=1821"}],"version-history":[{"count":6,"href":"https:\/\/www.nextscalea.com\/en\/wp-json\/wp\/v2\/pages\/1821\/revisions"}],"predecessor-version":[{"id":2022,"href":"https:\/\/www.nextscalea.com\/en\/wp-json\/wp\/v2\/pages\/1821\/revisions\/2022"}],"wp:attachment":[{"href":"https:\/\/www.nextscalea.com\/en\/wp-json\/wp\/v2\/media?parent=1821"}],"curies":[{"name":"wp","href":"https:\/\/api.w.org\/{rel}","templated":true}]}}