{"id":1441,"date":"2025-02-14T17:02:37","date_gmt":"2025-02-14T16:02:37","guid":{"rendered":"https:\/\/www.nextscalea.com\/contact\/"},"modified":"2025-02-27T20:34:45","modified_gmt":"2025-02-27T19:34:45","slug":"contact","status":"publish","type":"page","link":"https:\/\/www.nextscalea.com\/en\/contact\/","title":{"rendered":"Contact"},"content":{"rendered":"<div class=\"wp-block-uagb-container uagb-block-ac32262b default uagb-is-root-container\">\n<div class=\"wp-block-uagb-container uagb-block-9c2f1805\">\n<div class=\"wp-block-uagb-advanced-heading uagb-block-1e7cd372\"><h2 class=\"uagb-heading-text\">Contact<\/h2><\/div>\n<\/div>\n<\/div>\n\n\n\n<div class=\"wp-block-uagb-container uagb-block-4ea8ce3e alignfull uagb-is-root-container\"><div class=\"uagb-container-inner-blocks-wrap\">\n<div class=\"wp-block-uagb-container uagb-block-afce7809\">\n<div class=\"wp-block-uagb-advanced-heading uagb-block-c4b04370\"><h2 class=\"uagb-heading-text\">Form<\/h2><\/div>\n\n\n\n<div class=\"wp-block-uagb-separator uagb-block-7f614dab\"><div class=\"wp-block-uagb-separator__inner\" style=\"--my-background-image:\"><\/div><\/div>\n\n\n\n<div class=\"wp-block-uagb-forms uagb-forms__outer-wrap uagb-block-0e5405c3 uagb-forms__medium-btn\"><form class=\"uagb-forms-main-form\" method=\"post\" autocomplete=\"on\" name=\"uagb-form-0e5405c3\" action=\"\">\n<div class=\"wp-block-uagb-forms-name uagb-forms-name-wrap uagb-forms-field-set uagb-block-c96b7f3a\"><div class=\"uagb-forms-name-label required uagb-forms-input-label\" id=\"c96b7f3a\">Firstname<\/div><input type=\"text\" placeholder=\"John\" required class=\"uagb-forms-name-input uagb-forms-input\" name=\"c96b7f3a\" autocomplete=\"given-name\"\/><\/div>\n\n\n\n<div class=\"wp-block-uagb-forms-name uagb-forms-name-wrap uagb-forms-field-set uagb-block-c80aa241\"><div class=\"uagb-forms-name-label required uagb-forms-input-label\" id=\"c80aa241\">Lastname<\/div><input type=\"text\" placeholder=\"Doe\" required class=\"uagb-forms-name-input uagb-forms-input\" name=\"c80aa241\" autocomplete=\"family-name\"\/><\/div>\n\n\n\n<div class=\"wp-block-uagb-forms-name uagb-forms-name-wrap uagb-forms-field-set uagb-block-16b6c4f6\"><div class=\"uagb-forms-name-label required uagb-forms-input-label\" id=\"16b6c4f6\">Networks<\/div><input type=\"text\" placeholder=\"Doe\" required class=\"uagb-forms-name-input uagb-forms-input\" name=\"16b6c4f6\" autocomplete=\"nickname\"\/><\/div>\n\n\n\n<div class=\"wp-block-uagb-forms-email uagb-forms-email-wrap uagb-forms-field-set uagb-block-fe7fdd5e\"><div class=\"uagb-forms-email-label  uagb-forms-input-label\" id=\"fe7fdd5e\">Email<\/div><input type=\"email\" class=\"uagb-forms-email-input uagb-forms-input\" placeholder=\"example@mail.com\" name=\"fe7fdd5e\" autocomplete=\"email\"\/><\/div>\n\n\n\n<div class=\"wp-block-uagb-forms-textarea uagb-forms-textarea-wrap uagb-forms-field-set uagb-block-26a60cd6\"><div class=\"uagb-forms-textarea-label required uagb-forms-input-label\" id=\"26a60cd6\">Message<\/div><textarea required class=\"uagb-forms-textarea-input uagb-forms-input\" rows=\"4\" placeholder=\"Enter your message\" name=\"26a60cd6\" autocomplete=\"off\"><\/textarea><\/div>\n<div class=\"uagb-forms-form-hidden-data\"><input type=\"hidden\" id=\"g-recaptcha-response\" class=\"uagb-forms-recaptcha\"\/><input type=\"hidden\" class=\"uagb_forms_form_label\" value=\"contact\"\/><input type=\"hidden\" class=\"uagb_forms_form_id\" value=\"uagb-form-0e5405c3\"\/><\/div><div class=\"uagb-form-reacaptcha-error-0e5405c3\"><\/div><div class=\"uagb-forms-main-submit-button-wrap wp-block-button\"><button class=\"uagb-forms-main-submit-button wp-block-button__link\"><div class=\"uagb-forms-main-submit-button-text\">Send<\/div><\/button><\/div><input type=\"hidden\" name=\"trp-form-language\" value=\"en\"\/><\/form><div class=\"uagb-forms-success-message-0e5405c3 uagb-forms-submit-message-hide\"><span>Le formulaire a \u00e9t\u00e9 envoy\u00e9 avec succes<\/span><\/div><div class=\"uagb-forms-failed-message-0e5405c3 uagb-forms-submit-message-hide\"><span>Il semble y avoir une erreur. Veuillez v\u00e9rifier tous les champs<\/span><\/div><\/div>\n<\/div>\n\n\n\n<div class=\"wp-block-uagb-container uagb-block-eaf5a48d\">\n<div class=\"wp-block-uagb-advanced-heading uagb-block-a384b73e\"><h2 class=\"uagb-heading-text\">Other<\/h2><\/div>\n\n\n\n<div class=\"wp-block-uagb-separator uagb-block-e1490afc\"><div class=\"uagb-separator-spacing-wrapper\"><div class=\"wp-block-uagb-separator__inner\" style=\"--my-background-image:\"><\/div><\/div><\/div>\n\n\n\n<div class=\"wp-block-uagb-info-box uagb-block-mpt5jb7u uagb-infobox__content-wrap  uagb-infobox-icon-left uagb-infobox-left uagb-infobox-image-valign-top\"><div class=\"uagb-ifb-icon-wrap\"><div class=\"uagb-iconbox-icon-wrap uagb-infobox-shape-circle\"><svg xmlns=\"https:\/\/www.w3.org\/2000\/svg\" viewbox=\"0 0 512 512\"><path d=\"M464 64C490.5 64 512 85.49 512 112C512 127.1 504.9 141.3 492.8 150.4L275.2 313.6C263.8 322.1 248.2 322.1 236.8 313.6L19.2 150.4C7.113 141.3 0 127.1 0 112C0 85.49 21.49 64 48 64H464zM217.6 339.2C240.4 356.3 271.6 356.3 294.4 339.2L512 176V384C512 419.3 483.3 448 448 448H64C28.65 448 0 419.3 0 384V176L217.6 339.2z\"><\/path><\/svg><\/div><\/div><div class=\"uagb-ifb-content\"><div class=\"uagb-ifb-title-wrap\"><h4 class=\"uagb-ifb-title\">Email<\/h4><\/div><p class=\"uagb-ifb-desc\">contact@nextscalea.com<\/p><\/div><\/div>\n\n\n\n<div class=\"wp-block-uagb-separator uagb-block-40fe00d0\"><div class=\"wp-block-uagb-separator__inner\" style=\"--my-background-image:\"><\/div><\/div>\n\n\n\n<div class=\"wp-block-uagb-info-box uagb-block-anuu6xjs uagb-infobox__content-wrap  uagb-infobox-icon-left uagb-infobox-left uagb-infobox-image-valign-top\"><div class=\"uagb-ifb-icon-wrap\"><div class=\"uagb-iconbox-icon-wrap uagb-infobox-shape-circle\"><svg xmlns=\"https:\/\/www.w3.org\/2000\/svg\" viewbox=\"0 0 512 512\"><path d=\"M511.2 387l-23.25 100.8c-3.266 14.25-15.79 24.22-30.46 24.22C205.2 512 0 306.8 0 54.5c0-14.66 9.969-27.2 24.22-30.45l100.8-23.25C139.7-2.602 154.7 5.018 160.8 18.92l46.52 108.5c5.438 12.78 1.77 27.67-8.98 36.45L144.5 207.1c33.98 69.22 90.26 125.5 159.5 159.5l44.08-53.8c8.688-10.78 23.69-14.51 36.47-8.975l108.5 46.51C506.1 357.2 514.6 372.4 511.2 387z\"><\/path><\/svg><\/div><\/div><div class=\"uagb-ifb-content\"><div class=\"uagb-ifb-title-wrap\"><h4 class=\"uagb-ifb-title\">Phone<\/h4><\/div><p class=\"uagb-ifb-desc\"><div class=\"uagb-button__wrapper\" id=\"showNumber\"><div class=\"uagb-buttons-repeater wp-block-button__link\"><div role=\"textbox\" aria-multiline=\"true\" class=\"block-editor-rich-text__editable uagb-button__link rich-text\" rel=\"follow noopener\" aria-label=\"Add text\u2026\" contenteditable=\"true\" style=\"white-space: pre-wrap; min-width: 1px;\">Show number<\/div><\/div><\/div>\r\n<a id=\"phoneNumber\" class=\"ms-3 uagb-ifb-title d-none typing\" style=\"text-decoration: none;\"><\/a><\/p><\/div><\/div>\n\n\n\n<div class=\"wp-block-uagb-separator uagb-block-4e9850dc\"><div class=\"wp-block-uagb-separator__inner\" style=\"--my-background-image:\"><\/div><\/div>\n\n\n\n<div class=\"wp-block-uagb-info-box uagb-block-nuqx4uok uagb-infobox__content-wrap  uagb-infobox-icon-above-title uagb-infobox-image-valign-top\"><div class=\"uagb-ifb-content\"><div class=\"uagb-ifb-title-wrap\"><p class=\"uagb-ifb-title\">Follow us<\/p><\/div><\/div><\/div>\n\n\n\n<div class=\"wp-block-uagb-icon-list uagb-block-49uowm10\"><div class=\"uagb-icon-list__wrap\">\n<div class=\"wp-block-uagb-icon-list-child uagb-block-pcpdlqjh\"><a target=\"_self\" aria-label=\"List item\" rel=\"noopener noreferrer\" href=\"https:\/\/www.instagram.com\/nsagencyof\/\"> <\/a><span class=\"uagb-icon-list__source-wrap\"><svg xmlns=\"https:\/\/www.w3.org\/2000\/svg\" viewbox=\"0 0 448 512\"><path d=\"M224.1 141c-63.6 0-114.9 51.3-114.9 114.9s51.3 114.9 114.9 114.9S339 319.5 339 255.9 287.7 141 224.1 141zm0 189.6c-41.1 0-74.7-33.5-74.7-74.7s33.5-74.7 74.7-74.7 74.7 33.5 74.7 74.7-33.6 74.7-74.7 74.7zm146.4-194.3c0 14.9-12 26.8-26.8 26.8-14.9 0-26.8-12-26.8-26.8s12-26.8 26.8-26.8 26.8 12 26.8 26.8zm76.1 27.2c-1.7-35.9-9.9-67.7-36.2-93.9-26.2-26.2-58-34.4-93.9-36.2-37-2.1-147.9-2.1-184.9 0-35.8 1.7-67.6 9.9-93.9 36.1s-34.4 58-36.2 93.9c-2.1 37-2.1 147.9 0 184.9 1.7 35.9 9.9 67.7 36.2 93.9s58 34.4 93.9 36.2c37 2.1 147.9 2.1 184.9 0 35.9-1.7 67.7-9.9 93.9-36.2 26.2-26.2 34.4-58 36.2-93.9 2.1-37 2.1-147.8 0-184.8zM398.8 388c-7.8 19.6-22.9 34.7-42.6 42.6-29.5 11.7-99.5 9-132.1 9s-102.7 2.6-132.1-9c-19.6-7.8-34.7-22.9-42.6-42.6-11.7-29.5-9-99.5-9-132.1s-2.6-102.7 9-132.1c7.8-19.6 22.9-34.7 42.6-42.6 29.5-11.7 99.5-9 132.1-9s102.7-2.6 132.1 9c19.6 7.8 34.7 22.9 42.6 42.6 11.7 29.5 9 99.5 9 132.1s2.7 102.7-9 132.1z\"><\/path><\/svg><\/span><\/div>\n<\/div><\/div>\n<\/div>\n<\/div><\/div>\n\n\n\n<p><\/p>","protected":false},"excerpt":{"rendered":"<p>Contact formulaire Autre<\/p>","protected":false},"author":2,"featured_media":0,"parent":0,"menu_order":0,"comment_status":"closed","ping_status":"closed","template":"","meta":{"_uag_custom_page_level_css":"","site-sidebar-layout":"no-sidebar","site-content-layout":"","ast-site-content-layout":"full-width-container","site-content-style":"default","site-sidebar-style":"default","ast-global-header-display":"","ast-banner-title-visibility":"disabled","ast-main-header-display":"","ast-hfb-above-header-display":"","ast-hfb-below-header-display":"","ast-hfb-mobile-header-display":"","site-post-title":"disabled","ast-breadcrumbs-content":"","ast-featured-img":"","footer-sml-layout":"","ast-disable-related-posts":"","theme-transparent-header-meta":"enabled","adv-header-id-meta":"","stick-header-meta":"","header-above-stick-meta":"","header-main-stick-meta":"","header-below-stick-meta":"","astra-migrate-meta-layouts":"set","ast-page-background-enabled":"default","ast-page-background-meta":{"desktop":{"background-color":"var(--ast-global-color-4)","background-image":"","background-repeat":"repeat","background-position":"center center","background-size":"auto","background-attachment":"scroll","background-type":"","background-media":"","overlay-type":"","overlay-color":"","overlay-opacity":"","overlay-gradient":""},"tablet":{"background-color":"","background-image":"","background-repeat":"repeat","background-position":"center center","background-size":"auto","background-attachment":"scroll","background-type":"","background-media":"","overlay-type":"","overlay-color":"","overlay-opacity":"","overlay-gradient":""},"mobile":{"background-color":"","background-image":"","background-repeat":"repeat","background-position":"center center","background-size":"auto","background-attachment":"scroll","background-type":"","background-media":"","overlay-type":"","overlay-color":"","overlay-opacity":"","overlay-gradient":""}},"ast-content-background-meta":{"desktop":{"background-color":"var(--ast-global-color-5)","background-image":"","background-repeat":"repeat","background-position":"center center","background-size":"auto","background-attachment":"scroll","background-type":"","background-media":"","overlay-type":"","overlay-color":"","overlay-opacity":"","overlay-gradient":""},"tablet":{"background-color":"var(--ast-global-color-5)","background-image":"","background-repeat":"repeat","background-position":"center center","background-size":"auto","background-attachment":"scroll","background-type":"","background-media":"","overlay-type":"","overlay-color":"","overlay-opacity":"","overlay-gradient":""},"mobile":{"background-color":"var(--ast-global-color-5)","background-image":"","background-repeat":"repeat","background-position":"center center","background-size":"auto","background-attachment":"scroll","background-type":"","background-media":"","overlay-type":"","overlay-color":"","overlay-opacity":"","overlay-gradient":""}},"footnotes":""},"class_list":["post-1441","page","type-page","status-publish","hentry"],"yoast_head":"<!-- This site is optimized with the Yoast SEO plugin v26.8 - https:\/\/yoast.com\/product\/yoast-seo-wordpress\/ -->\n<title>Contact - Next Scale Agency<\/title>\n<meta name=\"description\" content=\"Vous cherchez un manager OnlyFans ou MYM ? Contactez Next Scale Agency pour un accompagnement sur mesure et d\u00e9veloppez votre activit\u00e9.\" \/>\n<meta name=\"robots\" content=\"index, follow, max-snippet:-1, max-image-preview:large, max-video-preview:-1\" \/>\n<link rel=\"canonical\" href=\"https:\/\/www.nextscalea.com\/en\/contact\/\" \/>\n<meta property=\"og:locale\" content=\"en_US\" \/>\n<meta property=\"og:type\" content=\"article\" \/>\n<meta property=\"og:title\" content=\"Contact - Next Scale Agency\" \/>\n<meta property=\"og:description\" content=\"Vous cherchez un manager OnlyFans ou MYM ? Contactez Next Scale Agency pour un accompagnement sur mesure et d\u00e9veloppez votre activit\u00e9.\" \/>\n<meta property=\"og:url\" content=\"https:\/\/www.nextscalea.com\/en\/contact\/\" \/>\n<meta property=\"og:site_name\" content=\"Next Scale Agency\" \/>\n<meta property=\"article:modified_time\" content=\"2025-02-27T19:34:45+00:00\" \/>\n<meta name=\"twitter:card\" content=\"summary_large_image\" \/>\n<meta name=\"twitter:label1\" content=\"Est. reading time\" \/>\n\t<meta name=\"twitter:data1\" content=\"1 minute\" \/>\n<script type=\"application\/ld+json\" class=\"yoast-schema-graph\">{\"@context\":\"https:\/\/schema.org\",\"@graph\":[{\"@type\":\"WebPage\",\"@id\":\"https:\/\/www.nextscalea.com\/contact\/\",\"url\":\"https:\/\/www.nextscalea.com\/contact\/\",\"name\":\"Contact - Next Scale Agency\",\"isPartOf\":{\"@id\":\"https:\/\/www.nextscalea.com\/#website\"},\"datePublished\":\"2025-02-14T16:02:37+00:00\",\"dateModified\":\"2025-02-27T19:34:45+00:00\",\"description\":\"Vous cherchez un manager OnlyFans ou MYM ? Contactez Next Scale Agency pour un accompagnement sur mesure et d\u00e9veloppez votre activit\u00e9.\",\"breadcrumb\":{\"@id\":\"https:\/\/www.nextscalea.com\/contact\/#breadcrumb\"},\"inLanguage\":\"en-US\",\"potentialAction\":[{\"@type\":\"ReadAction\",\"target\":[\"https:\/\/www.nextscalea.com\/contact\/\"]}]},{\"@type\":\"BreadcrumbList\",\"@id\":\"https:\/\/www.nextscalea.com\/contact\/#breadcrumb\",\"itemListElement\":[{\"@type\":\"ListItem\",\"position\":1,\"name\":\"Accueil\",\"item\":\"https:\/\/www.nextscalea.com\/\"},{\"@type\":\"ListItem\",\"position\":2,\"name\":\"Contact\"}]},{\"@type\":\"WebSite\",\"@id\":\"https:\/\/www.nextscalea.com\/#website\",\"url\":\"https:\/\/www.nextscalea.com\/\",\"name\":\"Next Scale Agency\",\"description\":\"Management de compte onlyfan\",\"publisher\":{\"@id\":\"https:\/\/www.nextscalea.com\/#organization\"},\"alternateName\":\"NSA\",\"potentialAction\":[{\"@type\":\"SearchAction\",\"target\":{\"@type\":\"EntryPoint\",\"urlTemplate\":\"https:\/\/www.nextscalea.com\/?s={search_term_string}\"},\"query-input\":{\"@type\":\"PropertyValueSpecification\",\"valueRequired\":true,\"valueName\":\"search_term_string\"}}],\"inLanguage\":\"en-US\"},{\"@type\":\"Organization\",\"@id\":\"https:\/\/www.nextscalea.com\/#organization\",\"name\":\"Next Scale Agency\",\"alternateName\":\"NSA\",\"url\":\"https:\/\/www.nextscalea.com\/\",\"logo\":{\"@type\":\"ImageObject\",\"inLanguage\":\"en-US\",\"@id\":\"https:\/\/www.nextscalea.com\/#\/schema\/logo\/image\/\",\"url\":\"https:\/\/www.nextscalea.com\/wp-content\/uploads\/2025\/02\/cropped-Logo_bw-1.jpg\",\"contentUrl\":\"https:\/\/www.nextscalea.com\/wp-content\/uploads\/2025\/02\/cropped-Logo_bw-1.jpg\",\"width\":1189,\"height\":397,\"caption\":\"Next Scale Agency\"},\"image\":{\"@id\":\"https:\/\/www.nextscalea.com\/#\/schema\/logo\/image\/\"},\"sameAs\":[\"https:\/\/www.instagram.com\/nsagencyof\/\"]}]}<\/script>\n<!-- \/ Yoast SEO plugin. -->","yoast_head_json":{"title":"Contact - Next Scale Agency","description":"Vous cherchez un manager OnlyFans ou MYM ? Contactez Next Scale Agency pour un accompagnement sur mesure et d\u00e9veloppez votre activit\u00e9.","robots":{"index":"index","follow":"follow","max-snippet":"max-snippet:-1","max-image-preview":"max-image-preview:large","max-video-preview":"max-video-preview:-1"},"canonical":"https:\/\/www.nextscalea.com\/en\/contact\/","og_locale":"en_US","og_type":"article","og_title":"Contact - Next Scale Agency","og_description":"Vous cherchez un manager OnlyFans ou MYM ? Contactez Next Scale Agency pour un accompagnement sur mesure et d\u00e9veloppez votre activit\u00e9.","og_url":"https:\/\/www.nextscalea.com\/en\/contact\/","og_site_name":"Next Scale Agency","article_modified_time":"2025-02-27T19:34:45+00:00","twitter_card":"summary_large_image","twitter_misc":{"Est. reading time":"1 minute"},"schema":{"@context":"https:\/\/schema.org","@graph":[{"@type":"WebPage","@id":"https:\/\/www.nextscalea.com\/contact\/","url":"https:\/\/www.nextscalea.com\/contact\/","name":"Contact - Next Scale Agency","isPartOf":{"@id":"https:\/\/www.nextscalea.com\/#website"},"datePublished":"2025-02-14T16:02:37+00:00","dateModified":"2025-02-27T19:34:45+00:00","description":"Vous cherchez un manager OnlyFans ou MYM ? Contactez Next Scale Agency pour un accompagnement sur mesure et d\u00e9veloppez votre activit\u00e9.","breadcrumb":{"@id":"https:\/\/www.nextscalea.com\/contact\/#breadcrumb"},"inLanguage":"en-US","potentialAction":[{"@type":"ReadAction","target":["https:\/\/www.nextscalea.com\/contact\/"]}]},{"@type":"BreadcrumbList","@id":"https:\/\/www.nextscalea.com\/contact\/#breadcrumb","itemListElement":[{"@type":"ListItem","position":1,"name":"Accueil","item":"https:\/\/www.nextscalea.com\/"},{"@type":"ListItem","position":2,"name":"Contact"}]},{"@type":"WebSite","@id":"https:\/\/www.nextscalea.com\/#website","url":"https:\/\/www.nextscalea.com\/","name":"Next Scale Agency","description":"Management de compte onlyfan","publisher":{"@id":"https:\/\/www.nextscalea.com\/#organization"},"alternateName":"NSA","potentialAction":[{"@type":"SearchAction","target":{"@type":"EntryPoint","urlTemplate":"https:\/\/www.nextscalea.com\/?s={search_term_string}"},"query-input":{"@type":"PropertyValueSpecification","valueRequired":true,"valueName":"search_term_string"}}],"inLanguage":"en-US"},{"@type":"Organization","@id":"https:\/\/www.nextscalea.com\/#organization","name":"Next Scale Agency","alternateName":"NSA","url":"https:\/\/www.nextscalea.com\/","logo":{"@type":"ImageObject","inLanguage":"en-US","@id":"https:\/\/www.nextscalea.com\/#\/schema\/logo\/image\/","url":"https:\/\/www.nextscalea.com\/wp-content\/uploads\/2025\/02\/cropped-Logo_bw-1.jpg","contentUrl":"https:\/\/www.nextscalea.com\/wp-content\/uploads\/2025\/02\/cropped-Logo_bw-1.jpg","width":1189,"height":397,"caption":"Next Scale Agency"},"image":{"@id":"https:\/\/www.nextscalea.com\/#\/schema\/logo\/image\/"},"sameAs":["https:\/\/www.instagram.com\/nsagencyof\/"]}]}},"uagb_featured_image_src":{"full":false,"thumbnail":false,"medium":false,"medium_large":false,"large":false,"1536x1536":false,"2048x2048":false,"trp-custom-language-flag":false},"uagb_author_info":{"display_name":"Alexandre Bianchi","author_link":"https:\/\/www.nextscalea.com\/en\/author\/billytheclic\/"},"uagb_comment_info":0,"uagb_excerpt":"Contact formulaire Autre","_links":{"self":[{"href":"https:\/\/www.nextscalea.com\/en\/wp-json\/wp\/v2\/pages\/1441","targetHints":{"allow":["GET"]}}],"collection":[{"href":"https:\/\/www.nextscalea.com\/en\/wp-json\/wp\/v2\/pages"}],"about":[{"href":"https:\/\/www.nextscalea.com\/en\/wp-json\/wp\/v2\/types\/page"}],"author":[{"embeddable":true,"href":"https:\/\/www.nextscalea.com\/en\/wp-json\/wp\/v2\/users\/2"}],"replies":[{"embeddable":true,"href":"https:\/\/www.nextscalea.com\/en\/wp-json\/wp\/v2\/comments?post=1441"}],"version-history":[{"count":29,"href":"https:\/\/www.nextscalea.com\/en\/wp-json\/wp\/v2\/pages\/1441\/revisions"}],"predecessor-version":[{"id":1963,"href":"https:\/\/www.nextscalea.com\/en\/wp-json\/wp\/v2\/pages\/1441\/revisions\/1963"}],"wp:attachment":[{"href":"https:\/\/www.nextscalea.com\/en\/wp-json\/wp\/v2\/media?parent=1441"}],"curies":[{"name":"wp","href":"https:\/\/api.w.org\/{rel}","templated":true}]}}